{"id":1931,"date":"2019-05-04T01:20:00","date_gmt":"2019-05-03T23:20:00","guid":{"rendered":"http:\/\/vtmauto.nuagemagique.xyz\/wp\/?page_id=1931"},"modified":"2021-10-03T15:01:33","modified_gmt":"2021-10-03T13:01:33","slug":"mentions-legales","status":"publish","type":"page","link":"https:\/\/vtmauto.fr\/?page_id=1931","title":{"rendered":"Mentions l\u00e9gales"},"content":{"rendered":"<div id=\"dmFirstContainer\" class=\"dmBody u_dmStyle_template_mentions-legales\" style=\"transition: transform 0.4s cubic-bezier(0.1, 0.1, 0.25, 0.9) 0s, opacity 0.4s cubic-bezier(0.1, 0.1, 0.25, 0.9) 0s; transform: none; opacity: 1; display: block; top: 0px;\">\n<div id=\"allWrapper\" class=\"allWrapper\">\n<div id=\"dm_content\" class=\"dmContent\">\n<div id=\"1651798338\" class=\"dmDefaultRespTmpl\">\n<div id=\"1575374036\" class=\"innerPageTmplBox dmDefaultPage  dmRespRowsWrapper dmRespRowsWrapperSize1\">\n<div id=\"1752794261\" class=\"dmRespRow u_1752794261\" style=\"text-align: center;\">\n<div id=\"1767989622\" class=\"dmRespColsWrapper\">\n<div id=\"1279287161\" class=\"dmRespCol small-12 medium-12 large-12 u_1279287161\">\n<h2 id=\"1795089384\" class=\"dmNewParagraph\" style=\"transition: opacity 1s ease-in-out;\" data-element-type=\"paragraph\" data-uialign=\"center\"><span class=\"font-size-24 lh-1\" style=\"color: #66ab53;\">MENTIONS LEGALES<\/span><\/h2>\n<\/div>\n<\/div>\n<\/div>\n<div id=\"1241567689\" class=\"dmRespRow u_1241567689\" style=\"text-align: center;\">\n<div id=\"1581565243\" class=\"dmRespColsWrapper\">\n<div id=\"1931130007\" class=\"u_1931130007 dmRespCol small-12 large-2 medium-2\">\n<div id=\"1248388320\" class=\"u_1248388320 dmNewParagraph\" style=\"transition: opacity 1s ease-in-out 0s; text-align: left;\" data-dmtmpl=\"true\" data-uialign=\"left\"><b>Ce site est \u00e9dit\u00e9 par : <\/b>VTMAUTO<\/div>\n<\/div>\n<\/div>\n<\/div>\n<div id=\"1401774333\" class=\"dmRespRow u_1401774333\" style=\"text-align: left;\">\n<div id=\"1922884231\" class=\"dmRespColsWrapper\">\n<div id=\"1687670830\" class=\"u_1687670830 dmRespCol small-12 large-1 medium-1\">\n<div data-dmtmpl=\"true\">Capital :<\/div>\n<div id=\"1463558213\" class=\"u_1463558213 dmNewParagraph\" style=\"transition: opacity 1s ease-in-out;\" data-dmtmpl=\"true\">Adresse : 7 AVENUE DES RENARDI\u00c8RES 77250 MORET-LOING-ET-ORVANNE FRANCE<\/div>\n<\/div>\n<\/div>\n<\/div>\n<div id=\"1295338425\" class=\"dmRespRow u_1295338425\" style=\"text-align: left;\">\n<div id=\"1183570060\" class=\"dmRespColsWrapper\">\n<div id=\"1012915978\" class=\"u_1012915978 dmRespCol small-12 large-3 medium-3\">\n<div id=\"1351631058\" class=\"u_1351631058 dmNewParagraph\" style=\"transition: opacity 1s ease-in-out;\" data-dmtmpl=\"true\">Adresse \u00e9lectronique : vtmauto@gmail.ciom<\/div>\n<\/div>\n<\/div>\n<\/div>\n<div id=\"1714414350\" class=\"dmRespRow u_1714414350\" style=\"text-align: center;\">\n<div id=\"1429513751\" class=\"dmRespColsWrapper\">\n<div id=\"1972496996\" class=\"u_1972496996 dmRespCol small-12 large-2 medium-2\" style=\"text-align: left;\">\n<div id=\"1305116429\" class=\"u_1305116429 dmNewParagraph\" style=\"transition: opacity 1s ease-in-out;\" data-dmtmpl=\"true\">T\u00e9l\u00e9phone : 06 37 33 90 21<\/div>\n<div data-dmtmpl=\"true\">\u00a0<\/div>\n<\/div>\n<\/div>\n<\/div>\n<div id=\"1814441197\" class=\"dmRespRow u_1814441197\" style=\"text-align: center;\">\n<div id=\"1592141781\" class=\"dmRespColsWrapper\">\n<div id=\"1630974571\" class=\"u_1630974571 dmRespCol small-12 large-5 medium-5\">\n<div id=\"1097073181\" class=\"u_1097073181 dmNewParagraph\" style=\"transition: opacity 1s ease-in-out 0s; text-align: left;\" data-dmtmpl=\"true\" data-uialign=\"left\"><strong>N\u00b0 Registre du Commerce ou R\u00e9pertoire des m\u00e9tiers :<\/strong><\/div>\n<\/div>\n<\/div>\n<\/div>\n<div id=\"1673844369\" class=\"dmRespRow u_1673844369\" style=\"text-align: center;\">\n<div id=\"1875197850\" class=\"dmRespColsWrapper\">\n<div id=\"1172629140\" class=\"u_1172629140 dmRespCol small-12 large-3 medium-3\">\n<div id=\"1726597310\" class=\"u_1726597310 dmNewParagraph\" style=\"transition: opacity 1s ease-in-out 0s; text-align: left;\" data-dmtmpl=\"true\">N\u00b0 SIRET de l\u2019\u00e9tablissement : 82807079700026<\/div>\n<\/div>\n<\/div>\n<\/div>\n<div id=\"1991371780\" class=\"dmRespRow u_1991371780\" style=\"text-align: left;\">\n<div id=\"1600786576\" class=\"dmRespColsWrapper\">\n<div id=\"1714867383\" class=\"u_1714867383 dmRespCol small-12 large-3 medium-3\">\n<div id=\"1537852010\" class=\"u_1537852010 dmNewParagraph\" style=\"transition: opacity 1s ease-in-out;\" data-dmtmpl=\"true\">N\u00b0 d\u2019assujettissement \u00e0 la TVA :<\/div>\n<\/div>\n<\/div>\n<\/div>\n<div id=\"1293861031\" class=\"dmRespRow u_1293861031\" style=\"text-align: left;\">\n<div id=\"1520409463\" class=\"dmRespColsWrapper\">\n<div id=\"1184211437\" class=\"u_1184211437 dmRespCol small-12 large-4 medium-4\">\n<div id=\"1788605077\" class=\"u_1788605077 dmNewParagraph\" style=\"transition: opacity 1s ease-in-out;\" data-dmtmpl=\"true\">Titre professionnel \u2013 Autorisation :<\/div>\n<\/div>\n<\/div>\n<\/div>\n<div id=\"1543191306\" class=\"dmRespRow u_1543191306\" style=\"text-align: left;\">\n<div id=\"1807241122\" class=\"dmRespColsWrapper\">\n<div id=\"1252016538\" class=\"u_1252016538 dmRespCol small-12 large-5 medium-5\">\n<div id=\"1072682041\" class=\"u_1072682041 dmNewParagraph\" style=\"transition: opacity 1s ease-in-out;\" data-dmtmpl=\"true\">R\u00e9f\u00e9rence aux r\u00e8gles professionnelles applicables :<\/div>\n<\/div>\n<\/div>\n<\/div>\n<div id=\"1247283134\" class=\"dmRespRow u_1247283134\" style=\"text-align: left;\">\n<div id=\"1147252604\" class=\"dmRespColsWrapper\">\n<div id=\"1065928697\" class=\"u_1065928697 dmRespCol small-12 large-5 medium-5\">\n<div id=\"1172710591\" class=\"u_1172710591 dmNewParagraph\" style=\"transition: opacity 1s ease-in-out;\" data-dmtmpl=\"true\">Qualit\u00e9 de locataire g\u00e9rant ou g\u00e9rant mandataire :<\/div>\n<\/div>\n<\/div>\n<\/div>\n<div id=\"1964155903\" class=\"dmRespRow u_1964155903\" style=\"text-align: left;\">\n<div id=\"1965601505\" class=\"dmRespColsWrapper\">\n<div id=\"1107331300\" class=\"u_1107331300 dmRespCol small-12 large-3 medium-3\">\n<div id=\"1089567743\" class=\"u_1089567743 dmNewParagraph\" style=\"transition: opacity 1s ease-in-out;\" data-dmtmpl=\"true\">Mentions l\u00e9gales sp\u00e9cifiques :<\/div>\n<\/div>\n<\/div>\n<\/div>\n<div id=\"1279374851\" class=\"dmRespRow u_1279374851\" style=\"text-align: center;\">\n<div id=\"1569305178\" class=\"dmRespColsWrapper\">\n<div id=\"1302395530\" class=\"u_1302395530 dmRespCol small-12 large-4 medium-4\" style=\"text-align: left;\">\n<div id=\"1505114092\" class=\"u_1505114092 dmNewParagraph\" style=\"transition: none; display: block;\" data-dmtmpl=\"true\" data-uialign=\"left\"><b>Directeur de r\u00e9daction et de publication :<\/b><\/div>\n<div data-dmtmpl=\"true\" data-uialign=\"left\">vtmauto@gmail.com<\/div>\n<\/div>\n<\/div>\n<\/div>\n<div id=\"1148701818\" class=\"dmRespRow u_1148701818\" style=\"text-align: center;\">\n<div id=\"1068898737\" class=\"dmRespColsWrapper\">\n<div id=\"1924333088\" class=\"dmRespCol small-12 medium-12 large-12 u_1924333088\">\n<h2 id=\"1019258887\" class=\"dmNewParagraph\" style=\"transition: opacity 1s ease-in-out 0s;\" data-element-type=\"paragraph\" data-uialign=\"center\"><span style=\"color: #66ad53;\">H\u00e9bergement<\/span><\/h2>\n<div id=\"1791307656\" class=\"widget-b57cd6 u_1791307656 dmCustomWidget\" data-element-type=\"custom_extension\" data-widget-id=\"b57cd635149d41448d384e87b7ed6d74\" data-widget-version=\"9\" data-widget-config=\"e30=\">\n<p style=\"text-align: left;\">Ce site a \u00e9t\u00e9 con\u00e7u et r\u00e9alis\u00e9 par vtmauto.<br \/>Son h\u00e9bergement est assur\u00e9 par la soci\u00e9t\u00e9 <a href=\"https:\/\/www.ovh.com\">OVH<\/a>.<\/p>\n<h2><span style=\"color: #66ab53;\">Protection de la vie priv\u00e9e<\/span><\/h2>\n<p style=\"text-align: left;\">Nous nous r\u00e9servons le droit de modifier \u00e0 tout moment la pr\u00e9sente page. Nous vous invitons par cons\u00e9quent \u00e0 la consulter r\u00e9guli\u00e8rement afin de vous informer de ses \u00e9volutions.<\/p>\n<p style=\"text-align: left;\">Derni\u00e8re date de Mise \u00e0 jour : 01\/10\/2021<\/p>\n<h3><span style=\"color: #66ab53;\">Identit\u00e9 du responsable du traitement<\/span><\/h3>\n<p style=\"text-align: left;\">Les donn\u00e9es personnelles sont collect\u00e9es par l\u2019Annonceur du site tel qu\u2019identifi\u00e9 dans les mentions l\u00e9gales.<\/p>\n<h3><span style=\"color: #66ab53;\">Les traitements relatifs \u00e0 vos donn\u00e9es personnelles<\/span><\/h3>\n<p style=\"text-align: left;\">Notre site ne demande pas d&rsquo;enregistrement nominatif \u00e0 ses visiteurs et ne proc\u00e8de \u00e0 aucun enregistrement nominatif pour la simple consultation de ses pages. Cependant, dans certains cas (formulaire de contact, fonctionnalit\u00e9s de partage et modules sociaux), vous pouvez \u00eatre invit\u00e9 \u00e0 laisser des donn\u00e9es personnelles (noms, pr\u00e9noms, num\u00e9ros de t\u00e9l\u00e9phones, adresses postales, adresse \u00e9lectronique\u2026). Le caract\u00e8re obligatoire ou facultatif des donn\u00e9es vous est signal\u00e9 lors de la collecte par un ast\u00e9risque. Le cas \u00e9ch\u00e9ant, le formulaire de collecte pourra \u00eatre accompagn\u00e9 d&rsquo;une case \u00e0 cocher vous permettant d&rsquo;accepter ou de refuser que vos donn\u00e9es soient utilis\u00e9es \u00e0 des fins commerciales pour le compte de tiers, et\/ou c\u00e9d\u00e9es \u00e0 des tiers et\/ou de recevoir des communications commerciales de l\u2019Annonceur. Nous ne collectons aucune donn\u00e9e sensible, \u00e0 savoir aucune donn\u00e9e relative \u00e0 vos origines raciales ou ethniques, \u00e0 vos opinions politiques, philosophiques ou religieuses ou votre appartenance syndicale, ou qui sont relatives \u00e0 votre sant\u00e9 ou votre vie sexuelle. Par ailleurs, lors de la consultation de notre site web et de l\u2019utilisation de nos services, nous sommes amen\u00e9s \u00e0 collecter et traiter des donn\u00e9es relatives \u00e0 votre navigation (notamment les cookies, et les pages que vous avez consult\u00e9es), et \u00e0 votre terminal (type de navigateur utilis\u00e9, mod\u00e8le et version de votre syst\u00e8me d\u2019exploitation, r\u00e9solution de votre \u00e9cran, pr\u00e9sence de certains plug-ins, \u2026). Ces donn\u00e9es seront utilis\u00e9es d\u2019une part pour adapter nos contenus et services \u00e0 vos besoins, et d\u2019autre part pour r\u00e9aliser des statistiques d\u2019utilisation de nos services afin de les rendre plus pertinents. Elles pourront \u00e9galement \u00eatre utilis\u00e9es pour identifier les soci\u00e9t\u00e9s s\u2019int\u00e9ressant \u00e0 nos produits et pour vous proposer des offres publicitaires sur et en dehors de notre site en rapport avec vos centres d\u2019int\u00e9r\u00eat et, \u00e9ventuellement, de votre localit\u00e9.<\/p>\n<h3><span style=\"color: #66ab53;\">Quand collectons nous vos donn\u00e9s?<\/span><\/h3>\n<p style=\"text-align: left;\">Nous collectons vos donn\u00e9es notamment quand :<\/p>\n<ul>\n<li style=\"text-align: left;\">Vous utilisez notre formulaire de contact,<\/li>\n<li style=\"text-align: left;\">Vous naviguez sur notre site et consultez nos produits et services.<\/li>\n<\/ul>\n<h3><span style=\"color: #66ab53;\">Quelles finalit\u00e9s ?<\/span><\/h3>\n<p style=\"text-align: left;\">Nous utilisons vos donn\u00e9es personnelles pour :<\/p>\n<ul>\n<li style=\"text-align: left;\">Vous permettre d\u2019utiliser nos services ;<\/li>\n<li style=\"text-align: left;\">Vous informer sur les services pour lesquels vous avez exprim\u00e9 un int\u00e9r\u00eat et qui vous sont propos\u00e9s sur notre site ;<\/li>\n<li style=\"text-align: left;\">Vous proposer des offres publicitaires et des informations sur notre site en rapport avec vos centres d\u2019int\u00e9r\u00eat ;<\/li>\n<li style=\"text-align: left;\">Vous contacter en r\u00e9ponse \u00e0 une demande de votre part ;<\/li>\n<li style=\"text-align: left;\">Avec votre consentement, vous inscrire \u00e0 une newsletter et\/ou vous envoyer des informations relatives \u00e0 nos produits et services ;<\/li>\n<li style=\"text-align: left;\">Nous permettre d&rsquo;\u00e9tablir des statistiques et comptages de fr\u00e9quentation et d&rsquo;utilisation des diverses rubriques et contenus de notre site et de nos services notamment afin d\u2019adapter lesdites rubriques et lesdits contenus en fonction de votre navigation.<\/li>\n<\/ul>\n<h3><span style=\"color: #66ab53;\">Cookies<\/span><\/h3>\n<p style=\"text-align: left;\">Pour vous informer sur l\u2019utilisation faite des cookies sur notre site, sur vos droits et vos moyens de vous y opposer, vous pouvez consulter la page sp\u00e9cialement consacr\u00e9e \u00e0 cette th\u00e9matique en <a href=\"http:\/\/vtmauto.fr\/?page_id=1934\">cliquant ici<\/a> .<\/p>\n<h3><span style=\"color: #66ad53;\">Destinataires<\/span><\/h3>\n<p style=\"text-align: left;\">Sont destinataires des donn\u00e9es :<\/p>\n<ul style=\"text-align: left;\">\n<li>l\u2019Annonceur et ses \u00e9ventuels sous-traitants,<\/li>\n<li>Les soci\u00e9t\u00e9s fournissant les modules tiers impl\u00e9ment\u00e9s le cas \u00e9ch\u00e9ant sur ce site (ex : prise de rendez-vous, alerte email\u2026),<\/li>\n<li>Vos donn\u00e9es de g\u00e9olocalisation et de navigation pourront \u00eatre transmises \u00e0 nos partenaires sous r\u00e9serve de votre accord afin de vous afficher des publicit\u00e9s adapt\u00e9es \u00e0 vos centres d\u2019int\u00e9r\u00eat et vos d\u00e9placements.<\/li>\n<\/ul>\n<p style=\"text-align: left;\">Toute transmission de ces donn\u00e9es \u00e0 des soci\u00e9t\u00e9s tierces est soumise \u00e0 votre consentement pr\u00e9alable.<\/p>\n<p style=\"text-align: left;\">Nous proposons sur ce site certaines fonctionnalit\u00e9s (outil de mesure d\u2019audience, boutons de partage sur les r\u00e9seaux sociaux) et avons recours \u00e0 des sous-traitants dans des conditions impliquant un transfert de donn\u00e9es hors Union Europ\u00e9enne, aux \u00c9tats-Unis. Les soci\u00e9t\u00e9s ont adh\u00e9r\u00e9 au protocole Privacy Shield. Ces transferts sont en outre s\u00e9curis\u00e9s par la signature de clauses contractuelles types.<\/p>\n<h3><span style=\"color: #66ad53;\">Dur\u00e9e de conservation<\/span><\/h3>\n<p style=\"text-align: left;\">Vos donn\u00e9es de contact sont conserv\u00e9es pendant la p\u00e9riode de prise de contact ainsi que pendant la dur\u00e9e n\u00e9cessaire \u00e0 des fins probatoires et de gestion des contentieux. Si vous avez consenti \u00e0 l\u2019envoi de newsletters et mails d\u2019information commerciale, vos donn\u00e9es seront conserv\u00e9es pendant 3 ans \u00e0 compter de la derni\u00e8re prise de contact.<\/p>\n<h3><span style=\"color: #66ad53;\">Vos droits<\/span><\/h3>\n<p style=\"text-align: left;\">Conform\u00e9ment \u00e0 la loi Informatique et Libert\u00e9s du 6 janvier 1978 modifi\u00e9e, vous disposez de droits d\u2019acc\u00e8s, de rectification, d\u2019effacement, d\u2019opposition au ou de limitation du traitement de vos donn\u00e9es, de retrait de votre consentement.<br \/>Vous pouvez \u00e9galement donner des directives \u00e0 notre groupe concernant l\u2019utilisation de vos donn\u00e9es apr\u00e8s votre d\u00e9c\u00e8s.<\/p>\n<p style=\"text-align: left;\">Vous pouvez exercer ces droits :<br \/>Aupr\u00e8s de l\u2019Annonceur en utilisant les coordonn\u00e9es mentionn\u00e9es dans les mentions l\u00e9gales.<\/p>\n<p style=\"text-align: left;\">Un justificatif d\u2019identit\u00e9 pourra vous \u00eatre demand\u00e9.<\/p>\n<p style=\"text-align: left;\">Vous avez \u00e9galement le droit d\u2019introduire une r\u00e9clamation \u00e0 notre rencontre aupr\u00e8s de l\u2019autorit\u00e9 de contr\u00f4le.<\/p>\n<\/div>\n<\/div>\n<\/div>\n<\/div>\n<\/div>\n<\/div>\n<\/div>\n<\/div>\n<\/div>\n\n\n<div style=\"height:51px\" aria-hidden=\"true\" class=\"wp-block-spacer\"><\/div>\n","protected":false},"excerpt":{"rendered":"<p>MENTIONS LEGALES Ce site est \u00e9dit\u00e9 par : VTMAUTO Capital : Adresse : 7 AVENUE DES RENARDI\u00c8RES 77250 MORET-LOING-ET-ORVANNE FRANCE Adresse \u00e9lectronique : vtmauto@gmail.ciom T\u00e9l\u00e9phone : 06 37 33 90 21 \u00a0 N\u00b0 Registre du Commerce ou R\u00e9pertoire des m\u00e9tiers : N\u00b0 SIRET de l\u2019\u00e9tablissement : 82807079700026 N\u00b0 d\u2019assujettissement \u00e0&hellip; <\/p>\n<p class=\"link-more\"><a href=\"https:\/\/vtmauto.fr\/?page_id=1931\" class=\"more-link\">Lire la suite\u00a0<span class=\"screen-reader-text\">Mentions l\u00e9gales<\/span><\/a><\/p>\n","protected":false},"author":1,"featured_media":0,"parent":0,"menu_order":0,"comment_status":"closed","ping_status":"closed","template":"","meta":{"footnotes":""},"class_list":["post-1931","page","type-page","status-publish","hentry"],"_links":{"self":[{"href":"https:\/\/vtmauto.fr\/index.php?rest_route=\/wp\/v2\/pages\/1931","targetHints":{"allow":["GET"]}}],"collection":[{"href":"https:\/\/vtmauto.fr\/index.php?rest_route=\/wp\/v2\/pages"}],"about":[{"href":"https:\/\/vtmauto.fr\/index.php?rest_route=\/wp\/v2\/types\/page"}],"author":[{"embeddable":true,"href":"https:\/\/vtmauto.fr\/index.php?rest_route=\/wp\/v2\/users\/1"}],"replies":[{"embeddable":true,"href":"https:\/\/vtmauto.fr\/index.php?rest_route=%2Fwp%2Fv2%2Fcomments&post=1931"}],"version-history":[{"count":10,"href":"https:\/\/vtmauto.fr\/index.php?rest_route=\/wp\/v2\/pages\/1931\/revisions"}],"predecessor-version":[{"id":8914,"href":"https:\/\/vtmauto.fr\/index.php?rest_route=\/wp\/v2\/pages\/1931\/revisions\/8914"}],"wp:attachment":[{"href":"https:\/\/vtmauto.fr\/index.php?rest_route=%2Fwp%2Fv2%2Fmedia&parent=1931"}],"curies":[{"name":"wp","href":"https:\/\/api.w.org\/{rel}","templated":true}]}}