{"id":1518,"date":"2018-07-16T09:06:11","date_gmt":"2018-07-16T09:06:11","guid":{"rendered":"http:\/\/demo.wpautolistings.com\/?page_id=1518"},"modified":"2021-09-30T19:44:49","modified_gmt":"2021-09-30T17:44:49","slug":"contact","status":"publish","type":"page","link":"https:\/\/vtmauto.fr\/?page_id=1518","title":{"rendered":"Contact"},"content":{"rendered":"<h1 style=\"text-align: center;\"><span style=\"color: #66ad3d;\">Contactez-nous !<\/span><\/h1>\n\n\n<pre class=\"wp-block-preformatted\"><form class=\"rwmb-form mbfs-form\" id=\"auto_listings_contact_form\" method=\"post\" enctype=\"multipart\/form-data\"><input type=\"hidden\" name=\"mbfs_key\" value=\"a431b64d06300d8d4bd25a7a5c565cfa\"><input type=\"hidden\" name=\"action\" value=\"mbfs_submit\"><div class=\"rwmb-meta-box\" data-autosave=\"false\" data-object-type=\"post\" data-object-id=\"0\"><input type=\"hidden\" id=\"nonce_auto_listings_contact_form\" name=\"nonce_auto_listings_contact_form\" value=\"665318c39d\" \/><input type=\"hidden\" name=\"_wp_http_referer\" value=\"\/index.php?rest_route=%2Fwp%2Fv2%2Fpages%2F1518\" \/><div class=\"rwmb-field rwmb-text-wrapper  required\"><div class=\"rwmb-input\"    data-clone-empty-start=\"0\"><input  placeholder=\"Nom\" type=\"text\" required=\"1\" id=\"_al_enquiry_name\" class=\"rwmb-text\" name=\"_al_enquiry_name\"><\/div><\/div><div class=\"rwmb-field rwmb-text-wrapper  required\"><div class=\"rwmb-input\"    data-clone-empty-start=\"0\"><input  placeholder=\"E-mail\" type=\"text\" required=\"1\" id=\"_al_enquiry_email\" class=\"rwmb-text\" name=\"_al_enquiry_email\"><\/div><\/div><div class=\"rwmb-field rwmb-text-wrapper\"><div class=\"rwmb-input\"    data-clone-empty-start=\"0\"><input  placeholder=\"T\u00e9l\u00e9phone\" type=\"text\" id=\"_al_enquiry_phone\" class=\"rwmb-text\" name=\"_al_enquiry_phone\"><\/div><\/div><div class=\"rwmb-field rwmb-textarea-wrapper  required\"><div class=\"rwmb-input\"    data-clone-empty-start=\"0\"><textarea  rows=\"3\" placeholder=\"Message\" required=\"1\" id=\"_al_enquiry_message\" class=\"rwmb-textarea\" name=\"_al_enquiry_message\"><\/textarea><\/div><\/div><input type=\"hidden\" name=\"rwmb_cleanup[]\" value=\"[]\"><\/div><input type=\"email\" class=\"custom_form_honey\" id=\"emailAddress\" name=\"emailAddress\" value=\"\"><input type=\"hidden\" name=\"listing_id\" value=\"1518\"><div class=\"rwmb-field rwmb-button-wrapper rwmb-form-submit\"><div class=\"rwmb-input\"><button type=\"submit\" class=\"rwmb-button\" data-edit=\"false\" name=\"rwmb_submit\" value=\"1\">Envoyer la demande de renseignements<\/button><\/div><\/div><\/form><\/pre>\n\n\n<p style=\"font-size: 12px;\"><em>* Les donn\u00e9es personnelles communiqu\u00e9es sont n\u00e9cessaires aux fins de vous contacter. Elles sont destin\u00e9es \u00e0 VTM AUTO et ses sous-traitants. Vous disposez de droits d\u2019acc\u00e8s, de rectification, d\u2019effacement, de portabilit\u00e9, de limitation, d\u2019opposition, de retrait de votre consentement \u00e0 tout moment et du droit d\u2019introduire une r\u00e9clamation aupr\u00e8s d\u2019une autorit\u00e9 de contr\u00f4le, ainsi que d\u2019organiser le sort de vos donn\u00e9es post-mortem. Vous pouvez exercer ces droits par voie postale \u00e0 l&rsquo;adresse VTM AUTO 7 AVENUE DES RENARDIERES 77250 MOR\u00caT-LOING-ET-ORVANNE, ou par courrier \u00e9lectronique \u00e0 l&rsquo;adresse vtmauto77[@]gmail.com . Un justificatif d&rsquo;identit\u00e9 pourra vous \u00eatre demand\u00e9. Nous conservons vos donn\u00e9es pendant la p\u00e9riode de prise de contact puis pendant la dur\u00e9e de prescription l\u00e9gale aux fins probatoire et de gestion des contentieux.<\/em><\/p>","protected":false},"excerpt":{"rendered":"<p>Contactez-nous ! * Les donn\u00e9es personnelles communiqu\u00e9es sont n\u00e9cessaires aux fins de vous contacter. Elles sont destin\u00e9es \u00e0 VTM AUTO et ses sous-traitants. Vous disposez de droits d\u2019acc\u00e8s, de rectification, d\u2019effacement, de portabilit\u00e9, de limitation, d\u2019opposition, de retrait de votre consentement \u00e0 tout moment et du droit d\u2019introduire une r\u00e9clamation&hellip; <\/p>\n<p class=\"link-more\"><a href=\"https:\/\/vtmauto.fr\/?page_id=1518\" class=\"more-link\">Lire la suite\u00a0<span class=\"screen-reader-text\">Contact<\/span><\/a><\/p>\n","protected":false},"author":1,"featured_media":0,"parent":0,"menu_order":0,"comment_status":"closed","ping_status":"closed","template":"","meta":{"footnotes":""},"class_list":["post-1518","page","type-page","status-publish","hentry"],"_links":{"self":[{"href":"https:\/\/vtmauto.fr\/index.php?rest_route=\/wp\/v2\/pages\/1518","targetHints":{"allow":["GET"]}}],"collection":[{"href":"https:\/\/vtmauto.fr\/index.php?rest_route=\/wp\/v2\/pages"}],"about":[{"href":"https:\/\/vtmauto.fr\/index.php?rest_route=\/wp\/v2\/types\/page"}],"author":[{"embeddable":true,"href":"https:\/\/vtmauto.fr\/index.php?rest_route=\/wp\/v2\/users\/1"}],"replies":[{"embeddable":true,"href":"https:\/\/vtmauto.fr\/index.php?rest_route=%2Fwp%2Fv2%2Fcomments&post=1518"}],"version-history":[{"count":10,"href":"https:\/\/vtmauto.fr\/index.php?rest_route=\/wp\/v2\/pages\/1518\/revisions"}],"predecessor-version":[{"id":8883,"href":"https:\/\/vtmauto.fr\/index.php?rest_route=\/wp\/v2\/pages\/1518\/revisions\/8883"}],"wp:attachment":[{"href":"https:\/\/vtmauto.fr\/index.php?rest_route=%2Fwp%2Fv2%2Fmedia&parent=1518"}],"curies":[{"name":"wp","href":"https:\/\/api.w.org\/{rel}","templated":true}]}}